{"id":751,"date":"2018-06-28T01:16:01","date_gmt":"2018-06-28T04:16:01","guid":{"rendered":"https:\/\/isfdyt215lezama-bue.infd.edu.ar\/sitio\/oferta-academica-2018\/"},"modified":"2018-12-06T18:45:06","modified_gmt":"2018-12-06T21:45:06","slug":"oferta-academica-2018","status":"publish","type":"page","link":"https:\/\/isfdyt215lezama-bue.infd.edu.ar\/sitio\/oferta-academica-2018\/","title":{"rendered":"Oferta Acad\u00e9mica 2019"},"content":{"rendered":"<ul>\n<li>TECNICATURA SUPERIOR EN ENFERMERIA <img decoding=\"async\" loading=\"lazy\" class=\"size-full wp-image-1003 aligncenter\" src=\"https:\/\/isfdyt215lezama-bue.infd.edu.ar\/sitio\/wp-content\/uploads\/2018\/12\/enfermeria.jpg\" alt=\"\" width=\"258\" height=\"195\" \/><\/li>\n<li>TECNICATURA SUPERIOR EN AN\u00c0LISIS<img decoding=\"async\" loading=\"lazy\" class=\"size-full wp-image-1004 aligncenter\" src=\"https:\/\/isfdyt215lezama-bue.infd.edu.ar\/sitio\/wp-content\/uploads\/2018\/12\/analista-de-sistemas.jpg\" alt=\"\" width=\"259\" height=\"194\" \/><\/li>\n<\/ul>\n<p style=\"text-align: center;\"><span style=\"font-size: 8pt; color: #333399; font-family: arial,helvetica,sans-serif;\"><strong><span style=\"text-decoration: underline; font-size: 18pt;\">INGRESO 2019 <\/span><\/strong><\/p>\n<p><\/span><\/p>\n<table style=\"width: 501.85px;\" border=\"0\">\n<tbody>\n<tr>\n<td style=\"background-color: #b0e0e6; width: 500px;\"><span style=\"font-size: 8pt; color: #333399; font-family: arial,helvetica,sans-serif;\">Vista la nueva disposici\u00f3n de la Direcci\u00f3n de Educaci\u00f3n Superior, se deber\u00e1 realizar en forma <strong>OBLIGATORIA<\/strong> una pre-inscripci\u00f3n en el Sistema Provincial y luego continuar con los pasos indicados aqu\u00ed.<\/span><\/td>\n<td style=\"width: 10px;\"><a title=\"pre inscripci\u00f3n on line\" href=\"http:\/\/server35.abc.gov.ar\/preinscripcion_superior\/#\/pi\/pedir-codigo-seguridad\">http:\/\/server35.abc.gov.ar\/preinscripcion_superior\/#\/pi\/pedir-codigo-seguridad<\/a><\/td>\n<\/tr>\n<\/tbody>\n<\/table>\n<p class=\"xmsonormal\" style=\"margin: 0cm 0cm 0.0001pt; background-image: initial; background-position: initial; background-size: initial; background-repeat: initial; background-attachment: initial; background-origin: initial; background-clip: initial; text-align: center;\"><span style=\"font-size: 8pt; color: #333399; font-family: arial,helvetica,sans-serif;\">\u00a0<\/span><\/p>\n<p style=\"text-align: center;\"><span style=\"font-family: arial,helvetica,sans-serif; font-size: 8pt; color: #333399;\"><strong><span style=\"text-decoration: underline;\"><a title=\"instruc. ingreso 2017 abc\" href=\"http:\/\/isfd21.bue.infd.edu.ar\/sitio\/upload\/instructivo_pre_inscripcion.pdf\" target=\"_blank\" rel=\"noopener\"><span style=\"color: #333399; text-decoration: underline;\">Aqu\u00ed<\/span><\/a><\/span><\/strong> el instructivo de los pasos a seguir (.pdf) <a title=\"instruc. ingreso 2017 abc\" href=\"http:\/\/isfd21.bue.infd.edu.ar\/sitio\/upload\/instructivo_pre_inscripcion.pdf\" target=\"_blank\" rel=\"noopener\"><span style=\"color: #333399;\">descargar<\/span><\/a><\/span><\/p>\n<p style=\"text-align: center;\">\n<p style=\"text-align: left;\"><strong><span style=\"font-family: arial,helvetica,sans-serif; font-size: 12pt; color: #333399;\"><span style=\"color: #333399;\">&#8230;..son simplemente 3 pasos<\/span><\/span><\/strong><\/p>\n<p style=\"text-align: left;\">\n<p><span style=\"font-family: arial,helvetica,sans-serif; font-size: 10pt; color: #333399;\"><span style=\"font-family: arial,helvetica,sans-serif;\"><strong>1.-<\/strong> <strong>complet\u00e1s<\/strong> el formulario <strong>ON LINE<\/strong> en<a title=\"preinscripci\u00f3n on line\" href=\"http:\/\/server35.abc.gov.ar\/preinscripcion_superior\/#\/pi\/pedir-codigo-seguridad\"> http:\/\/server35.abc.gov.ar\/preinscripcion_superior\/#\/pi\/pedir-codigo-seguridad<\/a><br \/>\n<\/span><\/span><\/p>\n<p>&nbsp;<\/p>\n<p><span style=\"font-family: arial,helvetica,sans-serif; font-size: 10pt; color: #333399;\"><span style=\"font-family: arial,helvetica,sans-serif;\"><strong>2.-<\/strong> <strong>imprim\u00eds<\/strong> el cup\u00f3n de inscripci\u00f3n que emite el sistema<\/span><\/span><\/p>\n<p>&nbsp;<\/p>\n<p><span style=\"color: #333399;\"><span style=\"font-family: arial,helvetica,sans-serif; font-size: 8pt;\"><span style=\"font-family: arial,helvetica,sans-serif; font-size: 8pt;\"><span style=\"font-size: 10pt;\"><strong>3.- te acerc\u00e1s hasta el Instituto para entregarlo, junto a la documentaci\u00f3n respaldatoria<\/strong> que se detalla en: <a title=\"Requisitos de Inscripci\u00f3n\" href=\"index.cgi?wid_seccion=3\">http:\/\/isfdyt215lezama.bue.infd.edu.ar\/sitio\/index.cgi?wid_seccion=3<\/a><\/span><br \/>\n<\/span><\/span><\/span><\/p>\n<p>&nbsp;<\/p>\n<p style=\"text-align: left;\"><span style=\"font-size: 12pt;\">\u00a0<span style=\"color: #333399;\"><strong>&#8230;y listo!!! ya quedamos en contacto, te avisaremos cuando comience el Curso de Ingreso<\/strong><\/span><\/span><\/p>\n<table style=\"width: 329px; height: 133px; margin-left: auto; margin-right: auto;\" border=\"0\">\n<tbody>\n<tr>\n<td style=\"background-color: #b0e0e6;\" align=\"center\"><span style=\"font-family: arial,helvetica,sans-serif; color: #333399; font-size: 10pt;\">y si quer\u00e9s hacerlo mas f\u00e1cil, acercate el Instituto\u00a0 en\u00a0<\/span><\/p>\n<p style=\"text-align: center;\"><span style=\"font-size: 10pt;\"><strong><span style=\"font-family: arial,helvetica,sans-serif; color: #333399;\">Av. Cobo S\/N (E\/ Av. San Mart\u00edn Y Pte. Per\u00f3n) <\/span><\/strong><\/span><\/p>\n<p><span style=\"font-size: 10pt; font-family: arial,helvetica,sans-serif; color: #333399;\">que te ayudamos a gestionar la inscripci\u00f3n<\/span><\/td>\n<\/tr>\n<\/tbody>\n<\/table>\n<p style=\"text-align: center;\">\n<p><span style=\"font-size: 8pt; color: #333399; font-family: arial,helvetica,sans-serif;\">.<\/span><\/p>\n<p>&nbsp;<\/p>\n","protected":false},"excerpt":{"rendered":"<p>TECNICATURA SUPERIOR EN ENFERMERIA TECNICATURA SUPERIOR EN AN\u00c0LISIS INGRESO 2019 Vista la nueva disposici\u00f3n de la Direcci\u00f3n de Educaci\u00f3n Superior, se deber\u00e1 realizar en forma OBLIGATORIA una pre-inscripci\u00f3n en el Sistema Provincial y luego continuar con los pasos indicados aqu\u00ed. http:\/\/server35.abc.gov.ar\/preinscripcion_superior\/#\/pi\/pedir-codigo-seguridad \u00a0 Aqu\u00ed el instructivo de los pasos a seguir (.pdf) descargar &#8230;..son simplemente 3 &#8230; <a title=\"Oferta Acad\u00e9mica 2019\" class=\"read-more\" href=\"https:\/\/isfdyt215lezama-bue.infd.edu.ar\/sitio\/oferta-academica-2018\/\" aria-label=\"More on Oferta Acad\u00e9mica 2019\">[+]<\/a><\/p>\n","protected":false},"author":8,"featured_media":0,"parent":0,"menu_order":0,"comment_status":"closed","ping_status":"closed","template":"","meta":[],"acf":[],"_links":{"self":[{"href":"https:\/\/isfdyt215lezama-bue.infd.edu.ar\/sitio\/wp-json\/wp\/v2\/pages\/751"}],"collection":[{"href":"https:\/\/isfdyt215lezama-bue.infd.edu.ar\/sitio\/wp-json\/wp\/v2\/pages"}],"about":[{"href":"https:\/\/isfdyt215lezama-bue.infd.edu.ar\/sitio\/wp-json\/wp\/v2\/types\/page"}],"author":[{"embeddable":true,"href":"https:\/\/isfdyt215lezama-bue.infd.edu.ar\/sitio\/wp-json\/wp\/v2\/users\/8"}],"replies":[{"embeddable":true,"href":"https:\/\/isfdyt215lezama-bue.infd.edu.ar\/sitio\/wp-json\/wp\/v2\/comments?post=751"}],"version-history":[{"count":2,"href":"https:\/\/isfdyt215lezama-bue.infd.edu.ar\/sitio\/wp-json\/wp\/v2\/pages\/751\/revisions"}],"predecessor-version":[{"id":1002,"href":"https:\/\/isfdyt215lezama-bue.infd.edu.ar\/sitio\/wp-json\/wp\/v2\/pages\/751\/revisions\/1002"}],"wp:attachment":[{"href":"https:\/\/isfdyt215lezama-bue.infd.edu.ar\/sitio\/wp-json\/wp\/v2\/media?parent=751"}],"curies":[{"name":"wp","href":"https:\/\/api.w.org\/{rel}","templated":true}]}}