{"id":286,"date":"2016-10-31T13:17:59","date_gmt":"2016-10-31T16:17:59","guid":{"rendered":"https:\/\/isfdyt215lezama-bue.infd.edu.ar\/sitio\/?page_id=286"},"modified":"2018-06-28T12:27:53","modified_gmt":"2018-06-28T15:27:53","slug":"inicio","status":"publish","type":"page","link":"https:\/\/isfdyt215lezama-bue.infd.edu.ar\/sitio\/","title":{"rendered":"Inicio"},"content":{"rendered":"<div id=\"metaslider-id-403\" style=\"width: 100%;\" class=\"ml-slider-3-33-0 metaslider metaslider-flex metaslider-403 ml-slider ms-theme-default\" role=\"region\" aria-roledescription=\"Slideshow\" aria-label=\"Slideshow\">\n    <div id=\"metaslider_container_403\">\n        <div id=\"metaslider_403\" class=\"flexslider\">\n            <ul aria-live=\"polite\" class=\"slides\">\n                <li style=\"display: block; width: 100%;\" class=\"slide-607 ms-image\" aria-roledescription=\"slide\" aria-label=\"slide-607\"><a href=\"https:\/\/mapa.infd.edu.ar\/\" target=\"_blank\"><img src=\"https:\/\/isfdyt215lezama-bue.infd.edu.ar\/sitio\/wp-content\/uploads\/2018\/06\/mapa_infd6-1100x200.png\" height=\"200\" width=\"1100\" alt=\"\" class=\"slider-403 slide-607\" title=\"mapa_infd6\" \/><\/a><\/li>\n                <li style=\"display: none; width: 100%;\" class=\"slide-609 ms-image\" aria-roledescription=\"slide\" aria-label=\"slide-609\"><a href=\"https:\/\/www.argentina.gob.ar\/educacion\/becas\" target=\"_blank\"><img src=\"https:\/\/isfdyt215lezama-bue.infd.edu.ar\/sitio\/wp-content\/uploads\/2018\/06\/becas7-1100x200.png\" height=\"200\" width=\"1100\" alt=\"\" class=\"slider-403 slide-609\" title=\"becas7\" \/><\/a><\/li>\n                <li style=\"display: none; width: 100%;\" class=\"slide-635 ms-image\" aria-roledescription=\"slide\" aria-label=\"slide-635\"><a href=\"https:\/\/www.argentina.gob.ar\/tema\/estudiar\/formacion-docencia\" target=\"_blank\"><img src=\"https:\/\/isfdyt215lezama-bue.infd.edu.ar\/sitio\/wp-content\/uploads\/2018\/06\/convocatorias_slide6-1-1100x200.png\" height=\"200\" width=\"1100\" alt=\"\" class=\"slider-403 slide-635\" title=\"convocatorias_slide6-1\" \/><\/a><\/li>\n            <\/ul>\n        <\/div>\n        \n    <\/div>\n<\/div>\n<p><span style=\"font-size: 8pt;\"><span style=\"font-family: arial,helvetica,sans-serif; color: #3e748e; font-size: 14pt;\">\u00a0<img decoding=\"async\" loading=\"lazy\" class=\"\" style=\"border: 0px none; display: block; margin-left: auto; margin-right: auto;\" title=\"\" src=\"https:\/\/isfdyt215lezama-bue.infd.edu.ar\/sitio\/wp-content\/uploads\/2018\/06\/BANNER_isfdt215.jpg\" width=\"297\" height=\"627\" border=\"0\" \/><\/span><\/span><\/p>\n<p style=\"text-align: left;\"><span style=\"font-family: book antiqua,palatino;\">Desde 1990 funcionamos como Anexo del Instituto Superior de Formaci\u00f3n Docente y T\u00e9cnica n\u00ba 57 de Chascom\u00fas, conformando parte del sistema educativo de gesti\u00f3n estatal; dependiendo de la Direcci\u00f3n General de Cultura y Educaci\u00f3n de la Provincia de Buenos Aires.\u00a0<a href=\"http:\/\/www.abc.gov.ar\/\">http:\/\/www.abc.gov.ar\/<\/a><\/span><\/p>\n<p style=\"text-align: left;\"><span style=\"font-family: book antiqua,palatino;\">En Diciembre de 2015, por Resoluci\u00f3n N\u00b0 2186\/15 de D.G.C. y E. dejamos de ser Anexo; constituyendo un nuevo servicio de Educaci\u00f3n Superior: <\/span><\/p>\n<h1 style=\"text-align: center;\"><span style=\"font-family: book antiqua,palatino;\"><span style=\"font-size: 12pt; color: #333399;\"><strong>INSTITUTO SUPERIOR DE FORMACI\u00d3N DOCENTE Y T\u00c9CNICA N\u00b0 215, LEZAMA<\/strong><\/span><\/span><\/h1>\n<p style=\"text-align: left;\"><span style=\"font-family: book antiqua,palatino;\">Desde entonces, comenzamos a caminar solos; con la ilusi\u00f3n de seguir creciendo, con el compromiso renovado; y la vocaci\u00f3n de promover profesionales que favorezcan el desarrollo de la comunidad.<\/span><\/p>\n<p style=\"text-align: left;\"><span style=\"font-family: book antiqua,palatino;\"><span style=\"color: #333399;\"><strong>Dedic\u00e1ndonos a ense\u00f1ar, sin dejar de aprender;<\/strong><\/span> integramos la Red Virtual de Institutos de Formaci\u00f3n Docente coordinada por el Instituto Nacional de Formaci\u00f3n Docente (INFD) del Ministerio de Educaci\u00f3n de la Naci\u00f3n. \u00a0<a href=\"http:\/\/red.infd.edu.ar\/\">http:\/\/red.infd.edu.ar\/<\/a>\u00a0<\/span><\/p>\n<p><span style=\"font-size: 10pt;\">\u00a0<img decoding=\"async\" loading=\"lazy\" class=\"aligncenter\" style=\"border: 0;\" title=\"Tecnico Superior\" src=\"https:\/\/isfdyt215lezama-bue.infd.edu.ar\/sitio\/wp-content\/uploads\/2018\/06\/Analista_2010_3.jpg\" alt=\"Tecnico Superior\" width=\"500\" height=\"350\" border=\"0\" \/><\/span><\/p>\n","protected":false},"excerpt":{"rendered":"<p>\u00a0 Desde 1990 funcionamos como Anexo del Instituto Superior de Formaci\u00f3n Docente y T\u00e9cnica n\u00ba 57 de Chascom\u00fas, conformando parte del sistema educativo de gesti\u00f3n estatal; dependiendo de la Direcci\u00f3n General de Cultura y Educaci\u00f3n de la Provincia de Buenos Aires.\u00a0http:\/\/www.abc.gov.ar\/ En Diciembre de 2015, por Resoluci\u00f3n N\u00b0 2186\/15 de D.G.C. y E. dejamos de &#8230; <a title=\"Inicio\" class=\"read-more\" href=\"https:\/\/isfdyt215lezama-bue.infd.edu.ar\/sitio\/\" aria-label=\"More on Inicio\">[+]<\/a><\/p>\n","protected":false},"author":1,"featured_media":0,"parent":0,"menu_order":0,"comment_status":"closed","ping_status":"closed","template":"","meta":[],"acf":[],"_links":{"self":[{"href":"https:\/\/isfdyt215lezama-bue.infd.edu.ar\/sitio\/wp-json\/wp\/v2\/pages\/286"}],"collection":[{"href":"https:\/\/isfdyt215lezama-bue.infd.edu.ar\/sitio\/wp-json\/wp\/v2\/pages"}],"about":[{"href":"https:\/\/isfdyt215lezama-bue.infd.edu.ar\/sitio\/wp-json\/wp\/v2\/types\/page"}],"author":[{"embeddable":true,"href":"https:\/\/isfdyt215lezama-bue.infd.edu.ar\/sitio\/wp-json\/wp\/v2\/users\/1"}],"replies":[{"embeddable":true,"href":"https:\/\/isfdyt215lezama-bue.infd.edu.ar\/sitio\/wp-json\/wp\/v2\/comments?post=286"}],"version-history":[{"count":82,"href":"https:\/\/isfdyt215lezama-bue.infd.edu.ar\/sitio\/wp-json\/wp\/v2\/pages\/286\/revisions"}],"predecessor-version":[{"id":799,"href":"https:\/\/isfdyt215lezama-bue.infd.edu.ar\/sitio\/wp-json\/wp\/v2\/pages\/286\/revisions\/799"}],"wp:attachment":[{"href":"https:\/\/isfdyt215lezama-bue.infd.edu.ar\/sitio\/wp-json\/wp\/v2\/media?parent=286"}],"curies":[{"name":"wp","href":"https:\/\/api.w.org\/{rel}","templated":true}]}}